{"id":21,"date":"2026-01-01T14:43:49","date_gmt":"2026-01-01T13:43:49","guid":{"rendered":"https:\/\/testy67.pl\/?page_id=21"},"modified":"2026-02-28T20:22:54","modified_gmt":"2026-02-28T19:22:54","slug":"kontakt","status":"publish","type":"page","link":"https:\/\/testy67.pl\/?page_id=21","title":{"rendered":"Kontakt"},"content":{"rendered":"\n<div class=\"wp-block-cover alignfull has-parallax has-custom-content-position is-position-center-left wp-duotone-unset-1\" style=\"margin-top:0;min-height:533px;aspect-ratio:unset;\"><div class=\"wp-block-cover__image-background wp-image-24 size-full has-parallax\" style=\"background-position:50% 50%;background-image:url(https:\/\/testy67.pl\/wp-content\/uploads\/2026\/01\/koncepcja-pustego-ekranu-makiety-kopii-przestrzeni_53876-124113.avif)\"><\/div><span aria-hidden=\"true\" class=\"wp-block-cover__background has-black-background-color has-background-dim-60 has-background-dim\"><\/span><div class=\"wp-block-cover__inner-container is-layout-flow wp-block-cover-is-layout-flow\">\n<div style=\"height:50px\" aria-hidden=\"true\" class=\"wp-block-spacer\"><\/div>\n\n\n\n<h1 class=\"wp-block-heading has-text-align-center has-ast-global-color-4-color has-text-color has-link-color has-large-font-size wp-elements-6b6e191838ba7b997e210ac73e68aabc\">Kontakt &#8211; Obrachunki.pl<\/h1>\n<\/div><\/div>\n\n\n\n<div class=\"wp-block-columns fade-in is-layout-flex wp-container-core-columns-is-layout-28f84493 wp-block-columns-is-layout-flex\">\n<div class=\"wp-block-column is-layout-flow wp-block-column-is-layout-flow\">\n<h2 class=\"wp-block-heading has-text-align-center\">Adres<\/h2>\n\n\n\n<h5 class=\"wp-block-heading has-text-align-center bez-podkreslenia has-ast-global-color-8-color has-text-color has-link-color has-medium-font-size wp-elements-8e4db69dfa323713f3e675ca0df2936c\"><a href=\"#mapa\"><strong>ul. Straconki 122<br>43-300<\/strong> <strong>Bielsko-Bia\u0142a<\/strong><\/a><\/h5>\n\n\n\n<div class=\"wp-block-buttons is-content-justification-center is-layout-flex wp-container-core-buttons-is-layout-adf4db63 wp-block-buttons-is-layout-flex\" style=\"padding-top:0;padding-bottom:0\">\n<div class=\"wp-block-button\"><a class=\"wp-block-button__link has-ast-global-color-8-background-color has-background wp-element-button\" href=\"https:\/\/maps.app.goo.gl\/RzPgW7hPcgd8GcAG7\" style=\"border-top-left-radius:100px;border-top-right-radius:100px;border-bottom-left-radius:100px;border-bottom-right-radius:100px\" target=\"_blank\" rel=\"noreferrer noopener\">Trasa<\/a><\/div>\n<\/div>\n\n\n\n<hr class=\"wp-block-separator has-alpha-channel-opacity\" style=\"margin-top:var(--wp--preset--spacing--50);margin-bottom:var(--wp--preset--spacing--50)\"\/>\n<\/div>\n\n\n\n<div class=\"wp-block-column is-layout-flow wp-block-column-is-layout-flow\">\n<h2 class=\"wp-block-heading has-text-align-center\">E-mail<\/h2>\n\n\n\n<p class=\"has-text-align-center has-ast-global-color-8-color has-text-color has-link-color has-medium-font-size wp-elements-82729e293a4c2906c9e82f286ad3fa84\"><strong>Formularz Kontaktowy<\/strong><\/p>\n\n\n\n<div class=\"wp-block-buttons is-content-justification-center is-layout-flex wp-container-core-buttons-is-layout-a89b3969 wp-block-buttons-is-layout-flex\">\n<div class=\"wp-block-button is-style-fill\"><a class=\"wp-block-button__link has-ast-global-color-8-background-color has-background wp-element-button\" href=\"#formularz\" style=\"border-top-left-radius:100px;border-top-right-radius:100px;border-bottom-left-radius:100px;border-bottom-right-radius:100px\">Napisz<\/a><\/div>\n<\/div>\n\n\n\n<hr class=\"wp-block-separator has-text-color has-ast-global-color-8-color has-alpha-channel-opacity has-ast-global-color-8-background-color has-background is-style-default\" style=\"margin-top:var(--wp--preset--spacing--60);margin-bottom:var(--wp--preset--spacing--60)\"\/>\n\n\n\n<div class=\"wp-block-buttons is-content-justification-center is-layout-flex wp-container-core-buttons-is-layout-a89b3969 wp-block-buttons-is-layout-flex\"><\/div>\n<\/div>\n\n\n\n<div class=\"wp-block-column is-layout-flow wp-block-column-is-layout-flow\">\n<h2 class=\"wp-block-heading has-text-align-center\">Telefon<\/h2>\n\n\n\n<p class=\"has-text-align-center has-ast-global-color-8-color has-text-color has-link-color has-medium-font-size wp-elements-e3d4c84afb98809297348556551a433a\"><strong><strong>tel. kom. 606 284 462<\/strong><\/strong><\/p>\n\n\n\n<div class=\"wp-block-buttons is-content-justification-center is-layout-flex wp-container-core-buttons-is-layout-a89b3969 wp-block-buttons-is-layout-flex\">\n<div class=\"wp-block-button\"><a class=\"wp-block-button__link has-black-background-color has-background wp-element-button\" href=\"tel:+48606284462\" style=\"border-top-left-radius:100px;border-top-right-radius:100px;border-bottom-left-radius:100px;border-bottom-right-radius:100px\">Zadzwo\u0144<\/a><\/div>\n<\/div>\n\n\n\n<hr class=\"wp-block-separator has-alpha-channel-opacity\" style=\"margin-top:var(--wp--preset--spacing--60);margin-bottom:var(--wp--preset--spacing--60)\"\/>\n\n\n\n<div class=\"wp-block-buttons is-layout-flex wp-block-buttons-is-layout-flex\"><\/div>\n<\/div>\n<\/div>\n\n\n\n<p class=\"has-text-align-center fade-in has-large-font-size\">Skontaktuj si\u0119 przez poni\u017cszy formularz kontaktowy:<\/p>\n\n\n\n<div id=\"formularz\"><\/div>\n\n\n\n<form method=\"post\" class=\"wp-block-gutena-forms gutena-forms-contact-form gutena_forms_ID_d7f4cedef98_312026103324 input-box-border-bottom-only after_submit_message scroll-formularz is-layout-flow wp-container-gutena-forms-is-layout-087378d9 wp-block-gutena-forms-is-layout-flow\" style=\"padding-top:2rem;padding-right:1.25rem;padding-bottom:5rem;padding-left:1.25rem\"><input type=\"hidden\" name=\"formid\" value=\"gutena_forms_ID_d7f4cedef98_312026103324\"\/>\n<div class=\"wp-block-columns alignfull are-vertically-aligned-top is-layout-flex wp-container-core-columns-is-layout-28f84493 wp-block-columns-is-layout-flex\">\n<div class=\"wp-block-column is-vertically-aligned-top is-layout-flow wp-block-column-is-layout-flow\">\n<div class=\"wp-block-gutena-text-field-group wp-block-gutena-field-group is-layout-flow wp-block-gutena-text-field-group-is-layout-flow\">\n<div class=\"wp-block-group is-vertical is-layout-flex wp-container-core-group-is-layout-501cef26 wp-block-group-is-layout-flex\">\n<h3 class=\"wp-block-heading heading-input-label-gutena\">Imi\u0119 i nazwisko \/ nazwa firmy<\/h3>\n\n\n<div class=\"gutena-forms-text-field field-name-first_name  wp-block-gutena-form-field\"><input\n\t\t\t\t name=\"first_name\" type=\"text\" class=\"gutena-forms-field text-field required-field  \" placeholder=\"Wpisz imi\u0119 i nazwisko lub nazw\u0119 firmy\"  required\n\t\t\t\t\/><\/div><\/div>\n\n\n\n<p class=\"gutena-forms-field-error-msg\"><\/p>\n<\/div>\n<\/div>\n\n\n\n<div class=\"wp-block-column is-vertically-aligned-top is-layout-flow wp-block-column-is-layout-flow\">\n<div class=\"wp-block-gutena-text-field-group wp-block-gutena-field-group is-layout-flow wp-block-gutena-text-field-group-is-layout-flow\">\n<div class=\"wp-block-group is-vertical is-layout-flex wp-container-core-group-is-layout-501cef26 wp-block-group-is-layout-flex\">\n<h3 class=\"wp-block-heading heading-input-label-gutena\">Numer telefonu<\/h3>\n\n\n<div class=\"gutena-forms-number-field field-name-last_name  wp-block-gutena-form-field\"><input\n\t\t\t\t name=\"last_name\" type=\"number\" class=\"gutena-forms-field number-field required-field  \" placeholder=\"Podaj numer telefonu\"  required\n\t\t\t\t\/><\/div><\/div>\n\n\n\n<p class=\"gutena-forms-field-error-msg\"><\/p>\n<\/div>\n<\/div>\n<\/div>\n\n\n\n<div class=\"wp-block-columns alignfull are-vertically-aligned-top is-layout-flex wp-container-core-columns-is-layout-28f84493 wp-block-columns-is-layout-flex\">\n<div class=\"wp-block-column is-vertically-aligned-top is-layout-flow wp-block-column-is-layout-flow\">\n<div class=\"wp-block-gutena-text-field-group wp-block-gutena-field-group is-layout-flow wp-block-gutena-text-field-group-is-layout-flow\">\n<div class=\"wp-block-group is-vertical is-layout-flex wp-container-core-group-is-layout-501cef26 wp-block-group-is-layout-flex\">\n<h3 class=\"wp-block-heading heading-input-label-gutena\">Temat<\/h3>\n\n\n<div class=\"gutena-forms-select-field field-name-subject  wp-block-gutena-form-field\"><select\n\t\t\t\t name=\"subject\" class=\"gutena-forms-field select-field required-field  \"  required\n\t\t\t\t ><option value=\"Oferta Standard\" >Oferta Standard<\/option><option value=\"Oferta Premium\" >Oferta Premium<\/option><option value=\"Pe\u0142ne Ksi\u0119gi\" >Pe\u0142ne Ksi\u0119gi<\/option><option value=\"Inne\" >Inne<\/option><\/select><\/div><\/div>\n\n\n\n<p class=\"gutena-forms-field-error-msg\"><\/p>\n<\/div>\n<\/div>\n\n\n\n<div class=\"wp-block-column is-vertically-aligned-top is-layout-flow wp-block-column-is-layout-flow\">\n<div class=\"wp-block-gutena-email-field-group wp-block-gutena-field-group is-layout-flow wp-block-gutena-email-field-group-is-layout-flow\">\n<div class=\"wp-block-group is-vertical is-layout-flex wp-container-core-group-is-layout-501cef26 wp-block-group-is-layout-flex\">\n<h3 class=\"wp-block-heading heading-input-label-gutena\">Email<\/h3>\n\n\n<div class=\"gutena-forms-email-field field-name-email  wp-block-gutena-form-field\"><input\n\t\t\t\t name=\"email\" type=\"email\" class=\"gutena-forms-field email-field required-field  \" placeholder=\"Podaj Email\"  required\n\t\t\t\t\/><\/div><\/div>\n\n\n\n<p class=\"gutena-forms-field-error-msg\"><\/p>\n<\/div>\n<\/div>\n<\/div>\n\n\n\n<div class=\"wp-block-columns alignfull are-vertically-aligned-top is-layout-flex wp-container-core-columns-is-layout-28f84493 wp-block-columns-is-layout-flex\">\n<div class=\"wp-block-column is-vertically-aligned-top is-layout-flow wp-block-column-is-layout-flow\">\n<div class=\"wp-block-gutena-textarea-field-group wp-block-gutena-field-group is-layout-flow wp-block-gutena-textarea-field-group-is-layout-flow\">\n<div class=\"wp-block-group is-vertical is-layout-flex wp-container-core-group-is-layout-501cef26 wp-block-group-is-layout-flex\">\n<h3 class=\"wp-block-heading heading-input-label-gutena\">Tre\u015b\u0107<\/h3>\n\n\n<div class=\"gutena-forms-textarea-field field-name-message  wp-block-gutena-form-field\"><textarea\n\t\t\t\t name=\"message\" rows=\"5\" class=\"gutena-forms-field textarea-field   \" \n\t\t\t\t><\/textarea><\/div><\/div>\n\n\n\n<p class=\"gutena-forms-field-error-msg\"><\/p>\n<\/div>\n<\/div>\n<\/div>\n\n\n\n<div class=\"wp-block-columns alignfull are-vertically-aligned-top is-layout-flex wp-container-core-columns-is-layout-28f84493 wp-block-columns-is-layout-flex\">\n<div class=\"wp-block-column is-vertically-aligned-top is-layout-flow wp-block-column-is-layout-flow\">\n<div class=\"wp-block-buttons alignfull gutena-forms-submit-buttons is-content-justification-center is-layout-flex wp-container-core-buttons-is-layout-a89b3969 wp-block-buttons-is-layout-flex\">\n<div class=\"wp-block-button gutena-forms-submit-button\"><button class=\"wp-block-button__link has-ast-global-color-8-background-color has-background has-text-align-center wp-element-button\" style=\"border-top-left-radius:100px;border-top-right-radius:100px;border-bottom-left-radius:100px;border-bottom-right-radius:100px\">Wy\u015blij<\/button><\/div>\n<\/div>\n<\/div>\n<\/div>\n\n\n\n<div class=\"wp-block-gutena-form-confirm-msg alignfull is-layout-flow wp-block-gutena-form-confirm-msg-is-layout-flow\">\n<div class=\"wp-block-group has-background is-content-justification-left is-nowrap is-layout-flex wp-container-core-group-is-layout-385d3396 wp-block-group-is-layout-flex\" style=\"border-radius:5px;background-color:#d8eacc;padding-top:12px;padding-right:12px;padding-bottom:12px;padding-left:12px\">\n<figure class=\"wp-block-image size-large form-message-icon\"><img decoding=\"async\" src=\"data:image\/svg+xml;base64,PHN2ZyB3aWR0aD0iMTYiIGhlaWdodD0iMTYiIHZpZXdCb3g9IjAgMCAxNiAxNiIgZmlsbD0ibm9uZSIgeG1sbnM9Imh0dHA6Ly93d3cudzMub3JnLzIwMDAvc3ZnIj4NCjxwYXRoIGQ9Ik04IDE2QzMuNTgxNiAxNiAwIDEyLjQxODQgMCA4QzAgMy41ODE2IDMuNTgxNiAwIDggMEMxMi40MTg0IDAgMTYgMy41ODE2IDE2IDhDMTYgMTIuNDE4NCAxMi40MTg0IDE2IDggMTZaTTggMTQuNEM5LjY5NzM5IDE0LjQgMTEuMzI1MyAxMy43MjU3IDEyLjUyNTUgMTIuNTI1NUMxMy43MjU3IDExLjMyNTMgMTQuNCA5LjY5NzM5IDE0LjQgOEMxNC40IDYuMzAyNjEgMTMuNzI1NyA0LjY3NDc1IDEyLjUyNTUgMy40NzQ1MkMxMS4zMjUzIDIuMjc0MjggOS42OTczOSAxLjYgOCAxLjZDNi4zMDI2MSAxLjYgNC42NzQ3NSAyLjI3NDI4IDMuNDc0NTIgMy40NzQ1MkMyLjI3NDI4IDQuNjc0NzUgMS42IDYuMzAyNjEgMS42IDhDMS42IDkuNjk3MzkgMi4yNzQyOCAxMS4zMjUzIDMuNDc0NTIgMTIuNTI1NUM0LjY3NDc1IDEzLjcyNTcgNi4zMDI2MSAxNC40IDggMTQuNFpNNy4yMDI0IDExLjJMMy44MDggNy44MDU2TDQuOTM5MiA2LjY3NDRMNy4yMDI0IDguOTM3NkwxMS43MjcyIDQuNDEyTDEyLjg1OTIgNS41NDMyTDcuMjAyNCAxMS4yWiIgZmlsbD0iIzQ2ODQxRSIvPg0KPC9zdmc+DQo=\" alt=\"Success\" class=\"wp-image-3811\"\/><\/figure>\n\n\n\n<p class=\"has-black-color has-text-color has-tiny-font-size\" style=\"font-size:12px;font-style:normal;font-weight:500;line-height:1.2\">Dzi\u0119kujemy za wys\u0142anie wiadomo\u015bci. <\/p>\n<\/div>\n<\/div>\n\n\n\n<div class=\"wp-block-gutena-form-error-msg alignfull is-layout-flow wp-block-gutena-form-error-msg-is-layout-flow\">\n<div class=\"wp-block-group has-background is-content-justification-left is-nowrap is-layout-flex wp-container-core-group-is-layout-385d3396 wp-block-group-is-layout-flex\" style=\"border-radius:5px;background-color:#ffd3d3;padding-top:12px;padding-right:12px;padding-bottom:12px;padding-left:12px\">\n<figure class=\"wp-block-image size-large form-message-icon\"><img decoding=\"async\" src=\"data:image\/svg+xml;base64,PHN2ZyB3aWR0aD0iMTYiIGhlaWdodD0iMTYiIHZpZXdCb3g9IjAgMCAxNiAxNiIgZmlsbD0ibm9uZSIgeG1sbnM9Imh0dHA6Ly93d3cudzMub3JnLzIwMDAvc3ZnIj4NCjxwYXRoIGQ9Ik04IDE2QzMuNTgxNiAxNiAwIDEyLjQxODQgMCA4QzAgMy41ODE2IDMuNTgxNiAwIDggMEMxMi40MTg0IDAgMTYgMy41ODE2IDE2IDhDMTYgMTIuNDE4NCAxMi40MTg0IDE2IDggMTZaTTggMTQuNEM5LjY5NzM5IDE0LjQgMTEuMzI1MyAxMy43MjU3IDEyLjUyNTUgMTIuNTI1NUMxMy43MjU3IDExLjMyNTMgMTQuNCA5LjY5NzM5IDE0LjQgOEMxNC40IDYuMzAyNjEgMTMuNzI1NyA0LjY3NDc1IDEyLjUyNTUgMy40NzQ1MkMxMS4zMjUzIDIuMjc0MjggOS42OTczOSAxLjYgOCAxLjZDNi4zMDI2MSAxLjYgNC42NzQ3NSAyLjI3NDI4IDMuNDc0NTIgMy40NzQ1MkMyLjI3NDI4IDQuNjc0NzUgMS42IDYuMzAyNjEgMS42IDhDMS42IDkuNjk3MzkgMi4yNzQyOCAxMS4zMjUzIDMuNDc0NTIgMTIuNTI1NUM0LjY3NDc1IDEzLjcyNTcgNi4zMDI2MSAxNC40IDggMTQuNFpNNy4yIDEwLjRIOC44VjEySDcuMlYxMC40Wk03LjIgNEg4LjhWOC44SDcuMlY0WiIgZmlsbD0iI0M1MTkxOSIvPg0KPC9zdmc+DQo=\" alt=\"Error\" class=\"wp-image-3811\"\/><\/figure>\n\n\n\n<p class=\"gutena-forms-error-text has-black-color has-text-color\" style=\"font-size:12px;font-style:normal;font-weight:500;line-height:1.2\">Prosimy o uzupe\u0142nienie p\u00f3l obowi\u0105zkowych w formularzu i ponowne wys\u0142anie.<\/p>\n<\/div>\n<\/div>\n<\/form>\n\n\n\n<div id=\"mapa\"><\/div>\n\n\n\t\t<div\n            id=\"wpmapblock_ed50e2f4\"\n            data-settings='{&quot;map_marker&quot;:[{&quot;id&quot;:&quot;0&quot;,&quot;lat&quot;:&quot;49.8025887&quot;,&quot;lng&quot;:&quot;19.0701179&quot;,&quot;title&quot;:&quot;&quot;,&quot;content&quot;:&quot;&quot;,&quot;iconType&quot;:&quot;default&quot;,&quot;customIconUrl&quot;:&quot;&quot;,&quot;customIconWidth&quot;:&quot;25&quot;,&quot;customIconHeight&quot;:&quot;40&quot;}],&quot;map_zoom&quot;:&quot;15&quot;,&quot;scroll_wheel_zoom&quot;:&quot;1&quot;,&quot;map_type&quot;:&quot;GM&quot;,&quot;center_index&quot;:0}'\n            class=\"wpmapblockrender\"\n            style=\"\n\t\t\twidth: 100%;\n\t\t\theight: 540px;\n\t\t\"\n            >\n        <\/div>\n        \n\n\n<script>\ndocument.addEventListener(\"DOMContentLoaded\", () => {\n  const elements = document.querySelectorAll(\".fade-in\");\n\n  const observer = new IntersectionObserver(entries => {\n    entries.forEach(entry => {\n      if (entry.isIntersecting) {\n        entry.target.classList.add(\"visible\");\n      }\n    });\n  }, { threshold: 0.2 });\n\n  elements.forEach(el => observer.observe(el));\n});\n<\/script>\n","protected":false},"excerpt":{"rendered":"<p>Adres ul. Straconki 12243-300 Bielsko-Bia\u0142a E-mail Formularz Kontaktowy Telefon tel. kom. 606 284 462 Skontaktuj si\u0119 przez poni\u017cszy formularz kontaktowy:<\/p>\n","protected":false},"author":1,"featured_media":0,"parent":0,"menu_order":0,"comment_status":"closed","ping_status":"closed","template":"","meta":{"site-sidebar-layout":"default","site-content-layout":"","ast-site-content-layout":"default","site-content-style":"default","site-sidebar-style":"default","ast-global-header-display":"","ast-banner-title-visibility":"","ast-main-header-display":"","ast-hfb-above-header-display":"","ast-hfb-below-header-display":"","ast-hfb-mobile-header-display":"","site-post-title":"disabled","ast-breadcrumbs-content":"","ast-featured-img":"","footer-sml-layout":"","ast-disable-related-posts":"","theme-transparent-header-meta":"","adv-header-id-meta":"","stick-header-meta":"","header-above-stick-meta":"","header-main-stick-meta":"","header-below-stick-meta":"","astra-migrate-meta-layouts":"default","ast-page-background-enabled":"default","ast-page-background-meta":{"desktop":{"background-color":"var(--ast-global-color-5)","background-image":"","background-repeat":"repeat","background-position":"center center","background-size":"auto","background-attachment":"scroll","background-type":"","background-media":"","overlay-type":"","overlay-color":"","overlay-opacity":"","overlay-gradient":""},"tablet":{"background-color":"","background-image":"","background-repeat":"repeat","background-position":"center center","background-size":"auto","background-attachment":"scroll","background-type":"","background-media":"","overlay-type":"","overlay-color":"","overlay-opacity":"","overlay-gradient":""},"mobile":{"background-color":"","background-image":"","background-repeat":"repeat","background-position":"center center","background-size":"auto","background-attachment":"scroll","background-type":"","background-media":"","overlay-type":"","overlay-color":"","overlay-opacity":"","overlay-gradient":""}},"ast-content-background-meta":{"desktop":{"background-color":"var(--ast-global-color-4)","background-image":"","background-repeat":"repeat","background-position":"center center","background-size":"auto","background-attachment":"scroll","background-type":"","background-media":"","overlay-type":"","overlay-color":"","overlay-opacity":"","overlay-gradient":""},"tablet":{"background-color":"var(--ast-global-color-4)","background-image":"","background-repeat":"repeat","background-position":"center center","background-size":"auto","background-attachment":"scroll","background-type":"","background-media":"","overlay-type":"","overlay-color":"","overlay-opacity":"","overlay-gradient":""},"mobile":{"background-color":"var(--ast-global-color-4)","background-image":"","background-repeat":"repeat","background-position":"center center","background-size":"auto","background-attachment":"scroll","background-type":"","background-media":"","overlay-type":"","overlay-color":"","overlay-opacity":"","overlay-gradient":""}},"footnotes":""},"class_list":["post-21","page","type-page","status-publish","hentry"],"_links":{"self":[{"href":"https:\/\/testy67.pl\/index.php?rest_route=\/wp\/v2\/pages\/21","targetHints":{"allow":["GET"]}}],"collection":[{"href":"https:\/\/testy67.pl\/index.php?rest_route=\/wp\/v2\/pages"}],"about":[{"href":"https:\/\/testy67.pl\/index.php?rest_route=\/wp\/v2\/types\/page"}],"author":[{"embeddable":true,"href":"https:\/\/testy67.pl\/index.php?rest_route=\/wp\/v2\/users\/1"}],"replies":[{"embeddable":true,"href":"https:\/\/testy67.pl\/index.php?rest_route=%2Fwp%2Fv2%2Fcomments&post=21"}],"version-history":[{"count":49,"href":"https:\/\/testy67.pl\/index.php?rest_route=\/wp\/v2\/pages\/21\/revisions"}],"predecessor-version":[{"id":404,"href":"https:\/\/testy67.pl\/index.php?rest_route=\/wp\/v2\/pages\/21\/revisions\/404"}],"wp:attachment":[{"href":"https:\/\/testy67.pl\/index.php?rest_route=%2Fwp%2Fv2%2Fmedia&parent=21"}],"curies":[{"name":"wp","href":"https:\/\/api.w.org\/{rel}","templated":true}]}}